{"id":2927,"date":"2025-04-08T10:47:26","date_gmt":"2025-04-08T08:47:26","guid":{"rendered":"https:\/\/www.ihu-infiny.fr\/sitemap\/"},"modified":"2025-05-05T10:46:23","modified_gmt":"2025-05-05T08:46:23","slug":"sitemap","status":"publish","type":"page","link":"https:\/\/www.ihu-infiny.fr\/en\/sitemap\/","title":{"rendered":"Sitemap"},"content":{"rendered":"\n<div class=\"wsp-container\"><h2 class=\"wsp-pages-title\">Pages<\/h2>\n<ul class=\"wsp-pages-list\">\n<li class=\"page_item page-item-2925\"><a href=\"https:\/\/www.ihu-infiny.fr\/en\/accessibility\/\">Accessibility<\/a><\/li>\n<li class=\"page_item page-item-2812\"><a href=\"https:\/\/www.ihu-infiny.fr\/en\/contact\/\">Contact<\/a><\/li>\n<li class=\"page_item page-item-3162\"><a href=\"https:\/\/www.ihu-infiny.fr\/en\/edu-micilor-to-better-understand-and-manage-the-disease-in-everyday-life\/\">EDU MICILOR &#8211; Understanding and Managing IBD in Daily Life<\/a><\/li>\n<li class=\"page_item page-item-2793\"><a href=\"https:\/\/www.ihu-infiny.fr\/en\/education\/\">Education<\/a><\/li>\n<li class=\"page_item page-item-2795\"><a href=\"https:\/\/www.ihu-infiny.fr\/en\/\">IHU INFINY<\/a><\/li>\n<li class=\"page_item page-item-2792\"><a href=\"https:\/\/www.ihu-infiny.fr\/en\/innovation\/\">Innovation<\/a><\/li>\n<li class=\"page_item page-item-2926\"><a href=\"https:\/\/www.ihu-infiny.fr\/en\/legal-notices\/\">Legal Notices<\/a><\/li>\n<li class=\"page_item page-item-2928\"><a href=\"https:\/\/www.ihu-infiny.fr\/en\/privacy-policy\/\">Privacy policy<\/a><\/li>\n<li class=\"page_item page-item-3007 page_item_has_children\"><a href=\"https:\/\/www.ihu-infiny.fr\/en\/research\/\">Research<\/a>\n<ul class='children'>\n\t<li class=\"page_item page-item-2822\"><a href=\"https:\/\/www.ihu-infiny.fr\/en\/research\/fundamental-and-translational-research\/\">Fundamental and translational research<\/a><\/li>\n\t<li class=\"page_item page-item-2790\"><a href=\"https:\/\/www.ihu-infiny.fr\/en\/research\/clinical-research\/\">Clinical research<\/a><\/li>\n\t<li class=\"page_item page-item-2791\"><a href=\"https:\/\/www.ihu-infiny.fr\/en\/research\/rhu-i-deal\/\">RHU i-DEAL<\/a><\/li>\n<\/ul>\n<\/li>\n<li class=\"page_item page-item-2823\"><a href=\"https:\/\/www.ihu-infiny.fr\/en\/scientific-publications\/\">Scientific publications<\/a><\/li>\n<li class=\"page_item page-item-2927\"><a href=\"https:\/\/www.ihu-infiny.fr\/en\/sitemap\/\">Sitemap<\/a><\/li>\n<li class=\"page_item page-item-2794\"><a href=\"https:\/\/www.ihu-infiny.fr\/en\/support-us-with-a-donation\/\">Support us with a donation<\/a><\/li>\n<li class=\"page_item page-item-3005 page_item_has_children\"><a href=\"https:\/\/www.ihu-infiny.fr\/en\/the-institute\/\">The Institute<\/a>\n<ul class='children'>\n\t<li class=\"page_item page-item-2789\"><a href=\"https:\/\/www.ihu-infiny.fr\/en\/the-institute\/introduction\/\">Introduction<\/a><\/li>\n\t<li class=\"page_item page-item-2796\"><a href=\"https:\/\/www.ihu-infiny.fr\/en\/the-institute\/governance\/\">Governance<\/a><\/li>\n\t<li class=\"page_item page-item-2810\"><a href=\"https:\/\/www.ihu-infiny.fr\/en\/the-institute\/teams\/\">Teams<\/a><\/li>\n\t<li class=\"page_item page-item-2788\"><a href=\"https:\/\/www.ihu-infiny.fr\/en\/the-institute\/founding-members\/\">Founding members<\/a><\/li>\n<\/ul>\n<\/li>\n<li class=\"page_item page-item-2817\"><a href=\"https:\/\/www.ihu-infiny.fr\/en\/care\/\">Care<\/a><\/li>\n<\/ul>\n<h2 class=\"wsp-posts-title\">Posts by category<\/h2>\n<ul class=\"wsp-posts-list\">\n\t<li><strong class=\"wsp-category-title\">Category: <a href=\"https:\/\/www.ihu-infiny.fr\/en\/category\/news\/\">News<\/a><\/strong>\n<ul class=\"wsp-posts-list\">\t\t<li class=\"wsp-post\"><a href=\"https:\/\/www.ihu-infiny.fr\/en\/news\/recap-ihu-infiny-x-ngere-autumn-school-2025\/\">Highlights from the IHU Infiny x NGERE Autumn School 2025<\/a><\/li>\n\t\t<li class=\"wsp-post\"><a href=\"https:\/\/www.ihu-infiny.fr\/en\/news\/recap-scientific-symposium-2025-futures\/\">Recap \u2013 Scientific Symposium 2025 #FUTURES<\/a><\/li>\n\t\t<li class=\"wsp-post\"><a href=\"https:\/\/www.ihu-infiny.fr\/en\/news\/futures-2025-theyll-be-there-will-you\/\">FUTURES 2025: They\u2019ll be there. Will you?<\/a><\/li>\n\t\t<li class=\"wsp-post\"><a href=\"https:\/\/www.ihu-infiny.fr\/en\/news\/ihu-infiny-seminar-basic-translational-and-clinical-research\/\">IHU Infiny Scientific Workshop: Toward an Integrated Research Strategy?<\/a><\/li>\n\t\t<li class=\"wsp-post\"><a href=\"https:\/\/www.ihu-infiny.fr\/en\/news\/world-ibd-day-2025-how-far-have-we-come-in-ibd-care\/\">World IBD Day 2025 &#8211; Advances in IBD care \u2013 where do we stand?<\/a><\/li>\n\t\t<li class=\"wsp-post\"><a href=\"https:\/\/www.ihu-infiny.fr\/en\/news\/world-ibd-day-2025-when-research-sheds-light-on-hidden-challenges\/\">World IBD Day 2025: When research sheds light on hidden challenges<\/a><\/li>\n\t\t<li class=\"wsp-post\"><a href=\"https:\/\/www.ihu-infiny.fr\/en\/news\/futures-2025-abstract-submission\/\">FUTURES 2025 &#8211; ABSTRACT SUBMISSION<\/a><\/li>\n\t\t<li class=\"wsp-post\"><a href=\"https:\/\/www.ihu-infiny.fr\/en\/news\/conclusion-of-the-ihu-infiny-2024-days\/\">Conclusion of the IHU Infiny 2024 Days!<\/a><\/li>\n\t\t<li class=\"wsp-post\"><a href=\"https:\/\/www.ihu-infiny.fr\/en\/news\/a-recap-of-our-scientific-symposium\/\">A Recap of Our Scientific Symposium!<\/a><\/li>\n\t\t<li class=\"wsp-post\"><a href=\"https:\/\/www.ihu-infiny.fr\/en\/news\/partners-and-sponsors\/\">Partners and sponsors<\/a><\/li>\n\t\t<li class=\"wsp-post\"><a href=\"https:\/\/www.ihu-infiny.fr\/en\/news\/mici-autumn-school\/\">MICI Autumn School<\/a><\/li>\n<\/ul><\/li>\n<\/ul>\n<h2 class=\"wsp-agendas-title\">Agendas<\/h2>\n<ul class=\"wsp-agendas-list\">\n<li><a href=\"https:\/\/www.ihu-infiny.fr\/en\/agenda\/conference-infiny\/\">Conf\u00e9rence - JMMICI 2026<\/a><\/li>\n<li><a href=\"https:\/\/www.ihu-infiny.fr\/en\/agenda\/organoides-et-culture-3d-vers-des-modeles-predictifs-en-recherche-biomedicale\/\">Organo\u00efdes et culture 3D : vers des mod\u00e8les pr\u00e9dictifs en recherche biom\u00e9dicale<\/a><\/li>\n<li><a href=\"https:\/\/www.ihu-infiny.fr\/en\/agenda\/pepr-sams-journees-scientifiques-annuelles-2026\/\">PEPR SAMS : Journ\u00e9es scientifiques annuelles 2026<\/a><\/li>\n<li><a href=\"https:\/\/www.ihu-infiny.fr\/en\/agenda\/mici-autumn-school\/\">Autumn School IHU - NGERE 2025<\/a><\/li>\n<li><a href=\"https:\/\/www.ihu-infiny.fr\/en\/agenda\/futures-2025-ihu-infiny-days\/\">FUTURES 2025 Symposium<\/a><\/li>\n<\/ul>\n<\/div>\n","protected":false},"excerpt":{"rendered":"","protected":false},"author":1,"featured_media":0,"parent":0,"menu_order":0,"comment_status":"closed","ping_status":"closed","template":"","meta":{"_acf_changed":false,"footnotes":""},"class_list":["post-2927","page","type-page","status-publish","hentry"],"acf":[],"_links":{"self":[{"href":"https:\/\/www.ihu-infiny.fr\/en\/wp-json\/wp\/v2\/pages\/2927","targetHints":{"allow":["GET"]}}],"collection":[{"href":"https:\/\/www.ihu-infiny.fr\/en\/wp-json\/wp\/v2\/pages"}],"about":[{"href":"https:\/\/www.ihu-infiny.fr\/en\/wp-json\/wp\/v2\/types\/page"}],"author":[{"embeddable":true,"href":"https:\/\/www.ihu-infiny.fr\/en\/wp-json\/wp\/v2\/users\/1"}],"replies":[{"embeddable":true,"href":"https:\/\/www.ihu-infiny.fr\/en\/wp-json\/wp\/v2\/comments?post=2927"}],"version-history":[{"count":0,"href":"https:\/\/www.ihu-infiny.fr\/en\/wp-json\/wp\/v2\/pages\/2927\/revisions"}],"wp:attachment":[{"href":"https:\/\/www.ihu-infiny.fr\/en\/wp-json\/wp\/v2\/media?parent=2927"}],"curies":[{"name":"wp","href":"https:\/\/api.w.org\/{rel}","templated":true}]}}